{"id":1479,"date":"2019-11-29T20:27:11","date_gmt":"2019-11-29T19:27:11","guid":{"rendered":"https:\/\/www.theologie.uzh.ch\/static\/wp\/?page_id=1479"},"modified":"2025-12-02T15:14:55","modified_gmt":"2025-12-02T14:14:55","slug":"team","status":"publish","type":"page","link":"https:\/\/www.theologie.uzh.ch\/apps\/gpi\/team\/","title":{"rendered":"Team"},"content":{"rendered":"\n<h2 class=\"wp-block-heading\">Herausgeber<\/h2>\n\n\n\n<div class=\"wp-block-columns is-layout-flex wp-container-core-columns-is-layout-9d6595d7 wp-block-columns-is-layout-flex\">\n<div class=\"wp-block-column is-layout-flow wp-block-column-is-layout-flow\" style=\"flex-basis:33.33%\">\n<figure class=\"wp-block-image size-large is-resized\"><img loading=\"lazy\" decoding=\"async\" width=\"683\" height=\"1024\" src=\"https:\/\/www.theologie.uzh.ch\/apps\/gpi\/wp-content\/uploads\/2023\/07\/Schlag2023_cCarolineKrajcir_klein_zugeschnitten-683x1024.jpeg\" alt=\"\" class=\"wp-image-18555\" style=\"width:200px\" srcset=\"https:\/\/www.theologie.uzh.ch\/apps\/gpi\/wp-content\/uploads\/2023\/07\/Schlag2023_cCarolineKrajcir_klein_zugeschnitten-683x1024.jpeg 683w, https:\/\/www.theologie.uzh.ch\/apps\/gpi\/wp-content\/uploads\/2023\/07\/Schlag2023_cCarolineKrajcir_klein_zugeschnitten-200x300.jpeg 200w, https:\/\/www.theologie.uzh.ch\/apps\/gpi\/wp-content\/uploads\/2023\/07\/Schlag2023_cCarolineKrajcir_klein_zugeschnitten-768x1152.jpeg 768w, https:\/\/www.theologie.uzh.ch\/apps\/gpi\/wp-content\/uploads\/2023\/07\/Schlag2023_cCarolineKrajcir_klein_zugeschnitten-8x12.jpeg 8w, https:\/\/www.theologie.uzh.ch\/apps\/gpi\/wp-content\/uploads\/2023\/07\/Schlag2023_cCarolineKrajcir_klein_zugeschnitten-373x560.jpeg 373w, https:\/\/www.theologie.uzh.ch\/apps\/gpi\/wp-content\/uploads\/2023\/07\/Schlag2023_cCarolineKrajcir_klein_zugeschnitten.jpeg 1000w\" sizes=\"auto, (max-width: 683px) 100vw, 683px\" \/><\/figure>\n<\/div>\n\n\n\n<div class=\"wp-block-column is-layout-flow wp-block-column-is-layout-flow\" style=\"flex-basis:66.66%\">\n<h3 class=\"wp-block-heading\">Prof. Dr. Thomas Schlag<\/h3>\n\n\n\n<p>Vorsitzender der Leitung des Zentrums f\u00fcr Kirchenentwicklung, Theologische und Religionswissenschaftliche Fakult\u00e4t Universit\u00e4t Z\u00fcrich.<\/p>\n\n\n\n<p><a href=\"mailto:thomas.schlag@theol.uzh.ch\" data-type=\"mailto\" data-id=\"mailto:thomas.schlag@theol.uzh.ch\">E-Mail<\/a><br><a href=\"https:\/\/www.theologie.uzh.ch\/de\/faecher\/praktisch\/pt_religionspaedagogik\/personen\/schlag.html\" data-type=\"link\" data-id=\"https:\/\/www.theologie.uzh.ch\/de\/faecher\/praktisch\/pt_religionspaedagogik\/personen\/schlag.html\" target=\"_blank\" rel=\"noreferrer noopener\">Website<\/a><\/p>\n<\/div>\n<\/div>\n\n\n\n<div style=\"height:10px\" aria-hidden=\"true\" class=\"wp-block-spacer\"><\/div>\n\n\n\n<div style=\"height:10px\" aria-hidden=\"true\" class=\"wp-block-spacer\"><\/div>\n\n\n\n<h2 class=\"wp-block-heading\">Projektassistenz<\/h2>\n\n\n\n<div class=\"wp-block-columns is-layout-flex wp-container-core-columns-is-layout-9d6595d7 wp-block-columns-is-layout-flex\">\n<div class=\"wp-block-column is-layout-flow wp-block-column-is-layout-flow\" style=\"flex-basis:33.33%\">\n<figure class=\"wp-block-image size-full is-resized\"><img loading=\"lazy\" decoding=\"async\" width=\"600\" height=\"900\" src=\"https:\/\/www.theologie.uzh.ch\/apps\/gpi\/wp-content\/uploads\/2023\/07\/Lang_221207_cCarolineKrajcir_Web.jpeg\" alt=\"\" class=\"wp-image-18579\" style=\"width:200px\" srcset=\"https:\/\/www.theologie.uzh.ch\/apps\/gpi\/wp-content\/uploads\/2023\/07\/Lang_221207_cCarolineKrajcir_Web.jpeg 600w, https:\/\/www.theologie.uzh.ch\/apps\/gpi\/wp-content\/uploads\/2023\/07\/Lang_221207_cCarolineKrajcir_Web-200x300.jpeg 200w, https:\/\/www.theologie.uzh.ch\/apps\/gpi\/wp-content\/uploads\/2023\/07\/Lang_221207_cCarolineKrajcir_Web-8x12.jpeg 8w, https:\/\/www.theologie.uzh.ch\/apps\/gpi\/wp-content\/uploads\/2023\/07\/Lang_221207_cCarolineKrajcir_Web-373x560.jpeg 373w\" sizes=\"auto, (max-width: 600px) 100vw, 600px\" \/><\/figure>\n<\/div>\n\n\n\n<div class=\"wp-block-column is-layout-flow wp-block-column-is-layout-flow\" style=\"flex-basis:66.66%\">\n<h3 class=\"wp-block-heading\">Amira Lang<\/h3>\n\n\n\n<p>Studentin der Theologie an der Universit\u00e4t Z\u00fcrich<\/p>\n\n\n\n<p><a href=\"mailto:predigten@theol.uzh.ch\" data-type=\"mailto\" data-id=\"mailto:predigten@theol.uzh.ch\">E-Mail<\/a><\/p>\n<\/div>\n<\/div>\n\n\n\n<div class=\"wp-block-columns is-layout-flex wp-container-core-columns-is-layout-9d6595d7 wp-block-columns-is-layout-flex\">\n<div class=\"wp-block-column is-layout-flow wp-block-column-is-layout-flow\" style=\"flex-basis:33.33%\">\n<figure class=\"wp-block-image size-full is-resized\"><img loading=\"lazy\" decoding=\"async\" width=\"948\" height=\"1218\" src=\"https:\/\/www.theologie.uzh.ch\/apps\/gpi\/wp-content\/uploads\/2025\/12\/Foto_Boos.jpg\" alt=\"\" class=\"wp-image-25662\" style=\"width:200px\" srcset=\"https:\/\/www.theologie.uzh.ch\/apps\/gpi\/wp-content\/uploads\/2025\/12\/Foto_Boos.jpg 948w, https:\/\/www.theologie.uzh.ch\/apps\/gpi\/wp-content\/uploads\/2025\/12\/Foto_Boos-233x300.jpg 233w, https:\/\/www.theologie.uzh.ch\/apps\/gpi\/wp-content\/uploads\/2025\/12\/Foto_Boos-797x1024.jpg 797w, https:\/\/www.theologie.uzh.ch\/apps\/gpi\/wp-content\/uploads\/2025\/12\/Foto_Boos-768x987.jpg 768w, https:\/\/www.theologie.uzh.ch\/apps\/gpi\/wp-content\/uploads\/2025\/12\/Foto_Boos-624x802.jpg 624w\" sizes=\"auto, (max-width: 948px) 100vw, 948px\" \/><\/figure>\n<\/div>\n\n\n\n<div class=\"wp-block-column is-layout-flow wp-block-column-is-layout-flow\" style=\"flex-basis:66.66%\">\n<h3 class=\"wp-block-heading\">Sam Boos<\/h3>\n\n\n\n<p>Student der Theologie an der Universit\u00e4t Z\u00fcrich<\/p>\n\n\n\n<p><a href=\"mailto:predigten@theol.uzh.ch\" data-type=\"mailto\" data-id=\"mailto:predigten@theol.uzh.ch\">E-Mail<\/a><\/p>\n<\/div>\n<\/div>\n\n\n\n<div style=\"height:10px\" aria-hidden=\"true\" class=\"wp-block-spacer\"><\/div>\n\n\n\n<div style=\"height:10px\" aria-hidden=\"true\" class=\"wp-block-spacer\"><\/div>\n\n\n\n<h2 class=\"wp-block-heading\">Zentrum f\u00fcr Kirchenentwicklung (ZKE)<\/h2>\n\n\n\n<p>Die G\u00f6ttinger Predigten im Internet sind dem <a href=\"https:\/\/www.theologie.uzh.ch\/de\/faecher\/praktisch\/kirchenentwicklung.html\">Zentrum f\u00fcr Kirchenentwicklung<\/a> an der <a href=\"https:\/\/www.trf.uzh.ch\">Theologischen und Religionswissenschaftlichen Fakult\u00e4t<\/a> der Universit\u00e4t Z\u00fcrich angegliedert.<\/p>\n\n\n\n<p><\/p>\n","protected":false},"excerpt":{"rendered":"<p>Herausgeber Prof. Dr. Thomas Schlag Vorsitzender der Leitung des Zentrums f\u00fcr Kirchenentwicklung, Theologische und Religionswissenschaftliche Fakult\u00e4t Universit\u00e4t Z\u00fcrich. E-MailWebsite Projektassistenz Amira Lang Studentin der Theologie an der Universit\u00e4t Z\u00fcrich E-Mail Sam Boos Student der Theologie an der Universit\u00e4t Z\u00fcrich E-Mail Zentrum f\u00fcr Kirchenentwicklung (ZKE) Die G\u00f6ttinger Predigten im Internet sind dem Zentrum f\u00fcr Kirchenentwicklung an [&hellip;]<\/p>\n","protected":false},"author":1,"featured_media":0,"parent":0,"menu_order":0,"comment_status":"closed","ping_status":"closed","template":"","meta":{"footnotes":""},"class_list":["post-1479","page","type-page","status-publish","hentry"],"_links":{"self":[{"href":"https:\/\/www.theologie.uzh.ch\/apps\/gpi\/wp-json\/wp\/v2\/pages\/1479","targetHints":{"allow":["GET"]}}],"collection":[{"href":"https:\/\/www.theologie.uzh.ch\/apps\/gpi\/wp-json\/wp\/v2\/pages"}],"about":[{"href":"https:\/\/www.theologie.uzh.ch\/apps\/gpi\/wp-json\/wp\/v2\/types\/page"}],"author":[{"embeddable":true,"href":"https:\/\/www.theologie.uzh.ch\/apps\/gpi\/wp-json\/wp\/v2\/users\/1"}],"replies":[{"embeddable":true,"href":"https:\/\/www.theologie.uzh.ch\/apps\/gpi\/wp-json\/wp\/v2\/comments?post=1479"}],"version-history":[{"count":49,"href":"https:\/\/www.theologie.uzh.ch\/apps\/gpi\/wp-json\/wp\/v2\/pages\/1479\/revisions"}],"predecessor-version":[{"id":25663,"href":"https:\/\/www.theologie.uzh.ch\/apps\/gpi\/wp-json\/wp\/v2\/pages\/1479\/revisions\/25663"}],"wp:attachment":[{"href":"https:\/\/www.theologie.uzh.ch\/apps\/gpi\/wp-json\/wp\/v2\/media?parent=1479"}],"curies":[{"name":"wp","href":"https:\/\/api.w.org\/{rel}","templated":true}]}}