{"id":1738,"date":"2020-02-17T12:27:43","date_gmt":"2020-02-17T11:27:43","guid":{"rendered":"https:\/\/www.theologie.uzh.ch\/static\/wp\/?page_id=1738"},"modified":"2025-02-04T09:16:22","modified_gmt":"2025-02-04T08:16:22","slug":"geschichte","status":"publish","type":"page","link":"https:\/\/www.theologie.uzh.ch\/apps\/gpi\/geschichte\/","title":{"rendered":""},"content":{"rendered":"\t\t\t<!-- Cool Timeline Free V3.3.1 -->\n\t\t\t<div class=\"ctl-wrapper\" role=\"region\" aria-label=\"Timeline\">\n\t\t\t\t<div class=\"ctl-before-content\"><div class=\"timeline-main-title\"><h1>Geschichte der G\u00f6ttinger Predigten<\/h1><\/div><\/div>\t\t\t\t<div id=\"cool_timeline_1\" class=\"cool-timeline-wrapper ctl-both-sided ctl-vertical-wrapper ctl-clean-skin\" >\n\t\t\t\t\t<div class=\"ctl-start\"><\/div>\n\t\t\t\t\t<!-- Timeline Container -->\n\t\t\t\t\t<div class=\"ctl-timeline ctl-timeline-container\" data-animation=\"none\">\n\t\t\t\t\t\t<!-- Center Line -->\n\t\t\t\t\t\t<div class=\"ctl-inner-line\" role=\"presentation\"><\/div>\n\t\t\t\t\t\t\t\t\t\t\t\t<!-- Story Year Section --><div data-cls=\"sc-nv-light vertical\" class=\"timeline-year scrollable-section ctl-year ctl-year-container light-year\" data-section-title=\"2020\" id=\"year-2020\"><div class=\"ctl-year-label ctl-year-text\"><span>2020<\/span><\/div><\/div><!-- Timeline Content --><div  id=\"ctl-story-1477\" class=\"ctl-story ctl-story-icon odd ctl-story-right\" data-aos=\"none\"   data-story-index=\"1\" role=\"article\"><!-- Story Date --><div class=\"ctl-labels\"><div class=\"ctl-label-big story-date\">M\u00e4rz 4<\/div><\/div><!-- Story Icon --><div class=\"ctl-icon\"><i class= \"fa fas fa-link\" aria-hidden =\"true\"><\/i><\/div> <!-- Story Content --><div class=\"ctl-content\"><!-- Story Title --><div class=\"ctl-title story-1477\" aria-label=\"2\"><a target=\"_self\" title=\"Redesign Website\" href=\"https:\/\/www.theologie.uzh.ch\/apps\/gpi\/cool_timeline\/redesign-website\/\" class=\"story-link\">Redesign Website<\/a><\/div><!-- Story Description --><div class=\"ctl-description\"><p>Ende 2019 bis Anfang 2020 erleben die GPI ein umfassendes Redesign der Webseite und erscheinen ab dem 4. M\u00e4rz 2020 im neuen Kleid.<\/p>\n<\/div><\/div><\/div><!-- Story Year Section --><div data-cls=\"sc-nv-light vertical\" class=\"timeline-year scrollable-section ctl-year ctl-year-container light-year\" data-section-title=\"2017\" id=\"year-2017\"><div class=\"ctl-year-label ctl-year-text\"><span>2017<\/span><\/div><\/div><!-- Timeline Content --><div  id=\"ctl-story-1476\" class=\"ctl-story ctl-story-icon even ctl-story-left\" data-aos=\"none\"   data-story-index=\"2\" role=\"article\"><!-- Story Date --><div class=\"ctl-labels\"><div class=\"ctl-label-big story-date\">Juni 1<\/div><\/div><!-- Story Icon --><div class=\"ctl-icon\"><i class= \"fa fas fa-university\" aria-hidden =\"true\"><\/i><\/div> <!-- Story Content --><div class=\"ctl-content\"><!-- Story Title --><div class=\"ctl-title story-1476\" aria-label=\"2\"><a target=\"_self\" title=\"Umzug an die Universit\u00e4t Z\u00fcrich\" href=\"https:\/\/www.theologie.uzh.ch\/apps\/gpi\/cool_timeline\/umzug-an-die-universitaet-zuerich\/\" class=\"story-link\">Umzug an die Universit\u00e4t Z\u00fcrich<\/a><\/div><!-- Story Description --><div class=\"ctl-description\"><p>Im Sommer 2017 ziehen die GPI von der Georg-August Universit\u00e4t G\u00f6ttingen ins Zentrum f\u00fcr Kirchenentwicklung der Universit\u00e4t Z\u00fcrich, wo sie neu von Thomas Schlag herausgegeben werden.<\/p>\n<\/div><\/div><\/div><!-- Story Year Section --><div data-cls=\"sc-nv-light vertical\" class=\"timeline-year scrollable-section ctl-year ctl-year-container light-year\" data-section-title=\"2002\" id=\"year-2002\"><div class=\"ctl-year-label ctl-year-text\"><span>2002<\/span><\/div><\/div><!-- Timeline Content --><div  id=\"ctl-story-1475\" class=\"ctl-story ctl-story-icon odd ctl-story-right\" data-aos=\"none\"   data-story-index=\"3\" role=\"article\"><!-- Story Date --><div class=\"ctl-labels\"><div class=\"ctl-label-big story-date\">Januar 1<\/div><\/div><!-- Story Icon --><div class=\"ctl-icon\"><i class= \"fa fa far fa-comments\" aria-hidden =\"true\"><\/i><\/div> <!-- Story Content --><div class=\"ctl-content\"><!-- Story Title --><div class=\"ctl-title story-1475\" aria-label=\"2\"><a target=\"_self\" title=\"Globale Reichweite\" href=\"https:\/\/www.theologie.uzh.ch\/apps\/gpi\/cool_timeline\/viele-sprachen\/\" class=\"story-link\">Globale Reichweite<\/a><\/div><!-- Story Description --><div class=\"ctl-description\"><p>Seit 2002 werden Predigten in verschiedenen Sprachen publiziert. Dies tr\u00e4gt nicht zuletzt dem \u00f6kumenisch-globalen Gedanken der denn GPI zu Grunde liegt Rechnung.<\/p>\n<\/div><\/div><\/div><!-- Story Year Section --><div data-cls=\"sc-nv-light vertical\" class=\"timeline-year scrollable-section ctl-year ctl-year-container light-year\" data-section-title=\"1997\" id=\"year-1997\"><div class=\"ctl-year-label ctl-year-text\"><span>1997<\/span><\/div><\/div><!-- Timeline Content --><div  id=\"ctl-story-1474\" class=\"ctl-story ctl-story-icon even ctl-story-left\" data-aos=\"none\"   data-story-index=\"4\" role=\"article\"><!-- Story Date --><div class=\"ctl-labels\"><div class=\"ctl-label-big story-date\">Oktober 31<\/div><\/div><!-- Story Icon --><div class=\"ctl-icon\"><i class= \"fa fas fa-space-shuttle\" aria-hidden =\"true\"><\/i><\/div> <!-- Story Content --><div class=\"ctl-content\"><!-- Story Title --><div class=\"ctl-title story-1474\" aria-label=\"2\"><a target=\"_self\" title=\"Reformationstag 1997: Geburtsstunde\" href=\"https:\/\/www.theologie.uzh.ch\/apps\/gpi\/cool_timeline\/reformationstag-1997\/\" class=\"story-link\">Reformationstag 1997: Geburtsstunde<\/a><\/div><!-- Story Description --><div class=\"ctl-description\"><p>31.10.1997: Am Reformationstag werden die G\u00f6ttinger Predigten im Internet (GPI) von Ulrich Nembach ins Leben gerufen. Sie erscheinen seither in ununterbrochener Folge. Zun\u00e4chst werden Predigten in deutscher Sprache publiziert.<\/p>\n<\/div><\/div><\/div>\t\t\t\t\t<\/div>\n\t\t\t\t\t<div class=\"ctl-end\"><\/div>\n\t\t\t\t\t\t\t\t\t<\/div>\n\t\t\t<\/div>\n\t\t\t\n","protected":false},"excerpt":{"rendered":"","protected":false},"author":1,"featured_media":0,"parent":0,"menu_order":0,"comment_status":"closed","ping_status":"closed","template":"","meta":{"footnotes":""},"class_list":["post-1738","page","type-page","status-publish","hentry"],"_links":{"self":[{"href":"https:\/\/www.theologie.uzh.ch\/apps\/gpi\/wp-json\/wp\/v2\/pages\/1738","targetHints":{"allow":["GET"]}}],"collection":[{"href":"https:\/\/www.theologie.uzh.ch\/apps\/gpi\/wp-json\/wp\/v2\/pages"}],"about":[{"href":"https:\/\/www.theologie.uzh.ch\/apps\/gpi\/wp-json\/wp\/v2\/types\/page"}],"author":[{"embeddable":true,"href":"https:\/\/www.theologie.uzh.ch\/apps\/gpi\/wp-json\/wp\/v2\/users\/1"}],"replies":[{"embeddable":true,"href":"https:\/\/www.theologie.uzh.ch\/apps\/gpi\/wp-json\/wp\/v2\/comments?post=1738"}],"version-history":[{"count":3,"href":"https:\/\/www.theologie.uzh.ch\/apps\/gpi\/wp-json\/wp\/v2\/pages\/1738\/revisions"}],"predecessor-version":[{"id":20740,"href":"https:\/\/www.theologie.uzh.ch\/apps\/gpi\/wp-json\/wp\/v2\/pages\/1738\/revisions\/20740"}],"wp:attachment":[{"href":"https:\/\/www.theologie.uzh.ch\/apps\/gpi\/wp-json\/wp\/v2\/media?parent=1738"}],"curies":[{"name":"wp","href":"https:\/\/api.w.org\/{rel}","templated":true}]}}