{"id":2005,"date":"2020-03-04T08:18:40","date_gmt":"2020-03-04T07:18:40","guid":{"rendered":"https:\/\/www.theologie.uzh.ch\/static\/wp\/?page_id=2005"},"modified":"2020-03-04T08:18:41","modified_gmt":"2020-03-04T07:18:41","slug":"zke","status":"publish","type":"page","link":"https:\/\/www.theologie.uzh.ch\/apps\/gpi\/zke\/","title":{"rendered":"ZKE"},"content":{"rendered":"<div id=\"pl-2005\"  class=\"panel-layout\" >\n<div id=\"pg-2005-0\"  class=\"panel-grid panel-no-style\"  data-style=\"{&quot;background_image_attachment&quot;:false,&quot;background_display&quot;:&quot;tile&quot;,&quot;cell_alignment&quot;:&quot;flex-start&quot;}\"  data-ratio=\"0.61803398\"  data-ratio-direction=\"right\" >\n<div id=\"pgc-2005-0-0\"  class=\"panel-grid-cell\"  data-weight=\"0.61803399209206\" >\n<div id=\"panel-2005-0-0-0\" class=\"so-panel widget widget_sow-editor panel-first-child\" data-index=\"0\" data-style=\"{&quot;background_image_attachment&quot;:false,&quot;background_display&quot;:&quot;tile&quot;}\" >\n<div class=\"so-widget-sow-editor so-widget-sow-editor-base\">\n<h3 class=\"widget-title\">Zentrum f\u00fcr Kirchenentwicklung (ZKE)<\/h3>\n<div class=\"siteorigin-widget-tinymce textwidget\">\n<p>Die G\u00f6ttinger Predigten im Internet sind seit Sommer 2017 dem Zentrum f\u00fcr Kirchenentwicklung an der theologischen Fakult\u00e4t der Universit\u00e4t Z\u00fcrich angegliedert. Mehr Informationen finden Sie hier:<\/p>\n<\/div>\n<\/div>\n<\/div>\n<div id=\"panel-2005-0-0-1\" class=\"so-panel widget widget_sow-button panel-last-child\" data-index=\"1\" data-style=\"{&quot;background_image_attachment&quot;:false,&quot;background_display&quot;:&quot;tile&quot;}\" ><div\n\t\t\t\n\t\t\tclass=\"so-widget-sow-button so-widget-sow-button-flat-d5e36d7f5fa8\"\n\t\t\t\n\t\t><div class=\"ow-button-base ow-button-align-center\"\n>\n\t\t\t<a\n\t\t\t\t\thref=\"http:\/\/www.kirchenentwicklung.ch\"\n\t\t\t\t\tclass=\"sowb-button ow-icon-placement-left\" target=\"_blank\" rel=\"noopener noreferrer\" \t>\n\t\t<span>\n\t\t\t<span class=\"sow-icon-fontawesome sow-fas\" data-sow-icon=\"&#xf19c;\"\n\t\tstyle=\"color: #ffffff\" \n\t\taria-hidden=\"true\"><\/span>\n\t\t\tkirchenentwicklung.ch\t\t<\/span>\n\t\t\t<\/a>\n\t<\/div>\n<\/div><\/div>\n<\/div>\n<div id=\"pgc-2005-0-1\"  class=\"panel-grid-cell\"  data-weight=\"0.38196600790794\" >\n<div id=\"panel-2005-0-1-0\" class=\"so-panel widget widget_media_image panel-first-child panel-last-child\" data-index=\"2\" data-style=\"{&quot;background_image_attachment&quot;:false,&quot;background_display&quot;:&quot;tile&quot;}\" ><img loading=\"lazy\" decoding=\"async\" width=\"200\" height=\"300\" src=\"https:\/\/www.theologie.uzh.ch\/apps\/gpi\/wp-content\/uploads\/2020\/03\/vanessa-schmid-rB_1LE_Sd1Y-unsplash-200x300.jpg\" class=\"image wp-image-2011  attachment-medium size-medium\" alt=\"\" style=\"max-width: 100%; height: auto;\" srcset=\"https:\/\/www.theologie.uzh.ch\/apps\/gpi\/wp-content\/uploads\/2020\/03\/vanessa-schmid-rB_1LE_Sd1Y-unsplash-200x300.jpg 200w, https:\/\/www.theologie.uzh.ch\/apps\/gpi\/wp-content\/uploads\/2020\/03\/vanessa-schmid-rB_1LE_Sd1Y-unsplash-768x1152.jpg 768w, https:\/\/www.theologie.uzh.ch\/apps\/gpi\/wp-content\/uploads\/2020\/03\/vanessa-schmid-rB_1LE_Sd1Y-unsplash-683x1024.jpg 683w, https:\/\/www.theologie.uzh.ch\/apps\/gpi\/wp-content\/uploads\/2020\/03\/vanessa-schmid-rB_1LE_Sd1Y-unsplash-373x560.jpg 373w, https:\/\/www.theologie.uzh.ch\/apps\/gpi\/wp-content\/uploads\/2020\/03\/vanessa-schmid-rB_1LE_Sd1Y-unsplash-e1590656357915.jpg 853w\" sizes=\"auto, (max-width: 200px) 100vw, 200px\" \/><\/div>\n<\/div>\n<\/div>\n<\/div>\n","protected":false},"excerpt":{"rendered":"<p>Zentrum f\u00fcr Kirchenentwicklung (ZKE) Die G\u00f6ttinger Predigten im Internet sind seit Sommer 2017 dem Zentrum f\u00fcr Kirchenentwicklung an der theologischen Fakult\u00e4t der Universit\u00e4t Z\u00fcrich angegliedert. Mehr Informationen finden Sie hier:<\/p>\n","protected":false},"author":1,"featured_media":0,"parent":0,"menu_order":0,"comment_status":"closed","ping_status":"closed","template":"","meta":{"footnotes":""},"class_list":["post-2005","page","type-page","status-publish","hentry"],"_links":{"self":[{"href":"https:\/\/www.theologie.uzh.ch\/apps\/gpi\/wp-json\/wp\/v2\/pages\/2005","targetHints":{"allow":["GET"]}}],"collection":[{"href":"https:\/\/www.theologie.uzh.ch\/apps\/gpi\/wp-json\/wp\/v2\/pages"}],"about":[{"href":"https:\/\/www.theologie.uzh.ch\/apps\/gpi\/wp-json\/wp\/v2\/types\/page"}],"author":[{"embeddable":true,"href":"https:\/\/www.theologie.uzh.ch\/apps\/gpi\/wp-json\/wp\/v2\/users\/1"}],"replies":[{"embeddable":true,"href":"https:\/\/www.theologie.uzh.ch\/apps\/gpi\/wp-json\/wp\/v2\/comments?post=2005"}],"version-history":[{"count":8,"href":"https:\/\/www.theologie.uzh.ch\/apps\/gpi\/wp-json\/wp\/v2\/pages\/2005\/revisions"}],"predecessor-version":[{"id":2015,"href":"https:\/\/www.theologie.uzh.ch\/apps\/gpi\/wp-json\/wp\/v2\/pages\/2005\/revisions\/2015"}],"wp:attachment":[{"href":"https:\/\/www.theologie.uzh.ch\/apps\/gpi\/wp-json\/wp\/v2\/media?parent=2005"}],"curies":[{"name":"wp","href":"https:\/\/api.w.org\/{rel}","templated":true}]}}