{"id":26026,"date":"2026-03-05T14:09:33","date_gmt":"2026-03-05T13:09:33","guid":{"rendered":"https:\/\/www.theologie.uzh.ch\/apps\/gpi\/?page_id=26026"},"modified":"2026-03-07T12:24:11","modified_gmt":"2026-03-07T11:24:11","slug":"in-groesster-dankbarkeit","status":"publish","type":"page","link":"https:\/\/www.theologie.uzh.ch\/apps\/gpi\/in-groesster-dankbarkeit\/","title":{"rendered":"In gr\u00f6sster Dankbarkeit"},"content":{"rendered":"<p style=\"text-align: center;\"><em>In memoriam et gratiam<\/em><\/p>\n<div class=\"page-wrapper\" style=\"text-align: center;\">\n<header class=\"memorial-header\">Prof. Dr. Dr.<\/p>\n<h1>Ulrich Nembach<\/h1>\n<p><img loading=\"lazy\" decoding=\"async\" class=\"aligncenter wp-image-26040 size-medium\" style=\"display: block; margin: 0 auto;\" src=\"https:\/\/www.theologie.uzh.ch\/apps\/gpi\/wp-content\/uploads\/2026\/03\/Bild_2026-03-05_142746494-209x300.jpg\" alt=\"\" width=\"209\" height=\"300\" \/><\/p>\n<p class=\"title-line\">Gr\u00fcnder der G\u00f6ttinger Predigten im Internet<\/p>\n<p class=\"dates\">* 11. Dezember 1935 \u00a0\u00a0\u2020 21. Februar 2026<\/p>\n<hr \/>\n<p><em>Herr, der du die Menschen l\u00e4sst sterben und sprichst:<br \/>\n<\/em><em>Kommt wieder, Menschenkinder.<\/em><\/p>\n<\/header>\n<\/div>\n<div class=\"page-wrapper\">\n<p class=\"scripture-text\" style=\"text-align: center;\"><em>Psalm 90, 2<\/em><\/p>\n<div class=\"memorial-text\" style=\"text-align: center;\">\n<hr \/>\n<p>Traurig nehmen wir Abschied von Prof. Dr. Dr. Ulrich Nembach, dem Gr\u00fcnder der G\u00f6ttinger Predigten im Internet. Am 21. Februar 2026 ist er im Alter von 90 Jahren verstorben.<\/p>\n<p>Ulrich Nembach war nicht nur ein bedeutender Theologe und Homiletiker, sondern auch ein Pionier der digitalen Verk\u00fcndigung. Er erkannte fr\u00fch, welche M\u00f6glichkeiten das Internet f\u00fcr die Weitergabe des Evangeliums bietet. Er schuf mit den <em>G\u00f6ttinger Predigten im Internet<\/em> eine Plattform, die Predigt\u00adschaffenden und H\u00f6renden bis heute weltweit dient. Was er ins Leben rief, hat Tausende von Menschen erreicht und begleitet.<\/p>\n<p>Alle Predigten von Prof. Dr. Dr. Ulrich Nembach auf der Seite der GPI finden Sie <a href=\"https:\/\/www.theologie.uzh.ch\/apps\/gpi\/category\/beitragende\/ulrich-nembach\/\">hier<\/a>.<\/p>\n<p>Wir in Z\u00fcrich sind dankbar f\u00fcr alles, was er uns geschenkt hat. Sein Name bleibt mit diesem Werk verbunden, das er gegr\u00fcndet hat und das \u00fcber ihn hinaus weitergeht.<\/p>\n<p>&nbsp;<\/p>\n<\/div>\n<footer class=\"memorial-footer\">\n<p class=\"footer-org\" style=\"text-align: center;\"><em>Das Team der G\u00f6ttinger Predigten im Internet<br \/>\nZ\u00fcrich, den 6. M\u00e4rz 2026<\/em><\/p>\n<\/footer>\n<\/div>\n","protected":false},"excerpt":{"rendered":"<p>In memoriam et gratiam Prof. Dr. Dr. Ulrich Nembach Gr\u00fcnder der G\u00f6ttinger Predigten im Internet * 11. Dezember 1935 \u00a0\u00a0\u2020 21. Februar 2026 Herr, der du die Menschen l\u00e4sst sterben und sprichst: Kommt wieder, Menschenkinder. Psalm 90, 2 Traurig nehmen wir Abschied von Prof. Dr. Dr. Ulrich Nembach, dem Gr\u00fcnder der G\u00f6ttinger Predigten im Internet. [&hellip;]<\/p>\n","protected":false},"author":1,"featured_media":0,"parent":0,"menu_order":0,"comment_status":"closed","ping_status":"closed","template":"","meta":{"footnotes":""},"class_list":["post-26026","page","type-page","status-publish","hentry"],"_links":{"self":[{"href":"https:\/\/www.theologie.uzh.ch\/apps\/gpi\/wp-json\/wp\/v2\/pages\/26026","targetHints":{"allow":["GET"]}}],"collection":[{"href":"https:\/\/www.theologie.uzh.ch\/apps\/gpi\/wp-json\/wp\/v2\/pages"}],"about":[{"href":"https:\/\/www.theologie.uzh.ch\/apps\/gpi\/wp-json\/wp\/v2\/types\/page"}],"author":[{"embeddable":true,"href":"https:\/\/www.theologie.uzh.ch\/apps\/gpi\/wp-json\/wp\/v2\/users\/1"}],"replies":[{"embeddable":true,"href":"https:\/\/www.theologie.uzh.ch\/apps\/gpi\/wp-json\/wp\/v2\/comments?post=26026"}],"version-history":[{"count":20,"href":"https:\/\/www.theologie.uzh.ch\/apps\/gpi\/wp-json\/wp\/v2\/pages\/26026\/revisions"}],"predecessor-version":[{"id":26052,"href":"https:\/\/www.theologie.uzh.ch\/apps\/gpi\/wp-json\/wp\/v2\/pages\/26026\/revisions\/26052"}],"wp:attachment":[{"href":"https:\/\/www.theologie.uzh.ch\/apps\/gpi\/wp-json\/wp\/v2\/media?parent=26026"}],"curies":[{"name":"wp","href":"https:\/\/api.w.org\/{rel}","templated":true}]}}